{"id":2613,"date":"2021-11-07T19:01:17","date_gmt":"2021-11-07T19:01:17","guid":{"rendered":"https:\/\/www.frra.at\/wp\/publications-stephan-frotz\/"},"modified":"2024-03-15T11:04:59","modified_gmt":"2024-03-15T11:04:59","slug":"publications-stephan-frotz","status":"publish","type":"page","link":"https:\/\/www.frra.at\/en\/publications-stephan-frotz\/","title":{"rendered":"Publications Stephan Frotz"},"content":{"rendered":"<section class=\"l-section wpb_row height_large\"><div class=\"l-section-h i-cf\"><div class=\"g-cols vc_row via_flex valign_top type_default stacking_default\"><div class=\"vc_col-sm-12 wpb_column vc_column_container\"><div class=\"vc_column-inner\"><div class=\"wpb_wrapper\"><div class=\"wpb_text_column\"><div class=\"wpb_wrapper\"><h2>Publications<br \/>\nStephan Frotz<\/h2>\n<\/div><\/div><div class=\"w-separator size_medium\"><\/div><div class=\"g-cols wpb_row via_flex valign_top type_default stacking_default\"><div class=\"vc_col-sm-4 wpb_column vc_column_container\"><div class=\"vc_column-inner\"><div class=\"wpb_wrapper\"><div class=\"wpb_text_column us_custom_e8d85284 has_text_color\"><div class=\"wpb_wrapper\"><h5>Books<\/h5>\n<\/div><\/div><\/div><\/div><\/div><div class=\"vc_col-sm-8 wpb_column vc_column_container\"><div class=\"vc_column-inner\"><div class=\"wpb_wrapper\"><div class=\"wpb_text_column\"><div class=\"wpb_wrapper\"><ol>\n<li>Das EU-Gesellschaftsrechts\u00e4nderungsgesetz (1993) (together with G\u00fcnther Aman,<br \/>\nJohann M\u00fchlehner et al)<\/li>\n<li>Handbuch f\u00fcr den Vorstand (2017) (together with Susanne Kalss and<br \/>\nPaul Sch\u00f6rghofer)<\/li>\n<\/ol>\n<\/div><\/div><\/div><\/div><\/div><\/div><div class=\"w-separator size_medium\"><\/div><div class=\"g-cols wpb_row via_flex valign_top type_default stacking_default\"><div class=\"vc_col-sm-4 wpb_column vc_column_container\"><div class=\"vc_column-inner\"><div class=\"wpb_wrapper\"><div class=\"wpb_text_column us_custom_e8d85284 has_text_color\"><div class=\"wpb_wrapper\"><h5>Commentaries<\/h5>\n<\/div><\/div><\/div><\/div><\/div><div class=\"vc_col-sm-8 wpb_column vc_column_container\"><div class=\"vc_column-inner\"><div class=\"wpb_wrapper\"><div class=\"wpb_text_column\"><div class=\"wpb_wrapper\"><ol>\n<li>Grenz\u00fcberschreitende Verschmelzungen<sup>2<\/sup> (2013) (together with Alexander Kaufmann)<\/li>\n<\/ol>\n<\/div><\/div><\/div><\/div><\/div><\/div><div class=\"w-separator size_medium\"><\/div><div class=\"g-cols wpb_row via_flex valign_top type_default stacking_default\"><div class=\"vc_col-sm-4 wpb_column vc_column_container\"><div class=\"vc_column-inner\"><div class=\"wpb_wrapper\"><div class=\"wpb_text_column us_custom_e8d85284 has_text_color\"><div class=\"wpb_wrapper\"><h5>Contributions to commentaries<\/h5>\n<\/div><\/div><\/div><\/div><\/div><div class=\"vc_col-sm-8 wpb_column vc_column_container\"><div class=\"vc_column-inner\"><div class=\"wpb_wrapper\"><div class=\"wpb_text_column\"><div class=\"wpb_wrapper\"><ol>\n<li>\u00a7\u00a7 1-5 EU-VerschG in Frotz\/Kaufmann, Grenz\u00fcberschreitende\u00a0Verschmelzungen<sup>2 <\/sup>(2013)<\/li>\n<li>\u00a7\u00a7 282, 283 UGB in Bertl\/Mandl, Handbuch zum RLG (Loseblatt) (together with Paul Sch\u00f6rghofer)<\/li>\n<li>\u00a7\u00a7 282, 283 UGB in Bertl\/Fr\u00f6hlich\/Mandl, Handbuch Rechnungslegung, Band III:<br \/>\nDie Abschlusspr\u00fcfung (2015) (together with Paul Sch\u00f6rghofer)<\/li>\n<li>Anhang zu \u00a7\u00a7 29-33 GmbHG: Beirat, in Straube\/Ratka\/Rauter (Hrsg.), Wiener Kommentar zum GmbH-Gesetz (2022)<\/li>\n<\/ol>\n<\/div><\/div><\/div><\/div><\/div><\/div><div class=\"w-separator size_medium\"><\/div><div class=\"g-cols wpb_row via_flex valign_top type_default stacking_default\"><div class=\"vc_col-sm-4 wpb_column vc_column_container\"><div class=\"vc_column-inner\"><div class=\"wpb_wrapper\"><div class=\"wpb_text_column us_custom_e8d85284 has_text_color\"><div class=\"wpb_wrapper\"><h5>Book chapters<\/h5>\n<\/div><\/div><\/div><\/div><\/div><div class=\"vc_col-sm-8 wpb_column vc_column_container\"><div class=\"vc_column-inner\"><div class=\"wpb_wrapper\"><div class=\"wpb_text_column\"><div class=\"wpb_wrapper\"><ol>\n<li>Aufgaben des Aufsichtsrats, in Kalss\/Kunz, Handbuch Aufsichtsrat (2010) 219, 2. edition (2016) 329 (together with Paul Sch\u00f6rghofer)<\/li>\n<li>Interessenkonflikte im Aufsichtsrat, in Kalss\/Kunz, Handbuch Aufsichtsrat (2010) 667, 2. edition (2016) 813 (together with Paul Sch\u00f6rghofer)<\/li>\n<li>Die Umwandlung von Genussrechten in Gesellschaftsanteile, in Schragl\/Stefaner, Handbuch Genussrechte<sup>2<\/sup> (2013) (together with Clemens Spitznagel)<\/li>\n<li>Gesellschaftsrechtliche Aspekte von Cash-Pooling-Vertr\u00e4gen in \u00d6sterreich, in Polster, Handbuch Cash Pooling (2016) 73<\/li>\n<li>Zusammensetzung des Vorstands und Anforderungen an seine Mitglieder, in Kalss\/Frotz\/Sch\u00f6rghofer, Handbuch f\u00fcr den Vorstand (2017) 81 (together with Paul Sch\u00f6rghofer)<\/li>\n<li>Handlungspflichten des Vorstands bei Compliance-Verst\u00f6\u00dfen, in Kalss\/Frotz\/Sch\u00f6rghofer, Handbuch f\u00fcr den Vorstand (2017) 375 (together with Paul Sch\u00f6rghofer and Ines Krausler)<\/li>\n<li>Der Vorstand im Konzern, in Kalss\/Frotz\/Sch\u00f6rghofer, Handbuch f\u00fcr den Vorstand (2017) 685 (together with Paul Sch\u00f6rghofer)<\/li>\n<li>Gesellschaftsrechtliche Aspekte, in Althuber\/Lang\/Twardosz, Handbuch Selbstanzeige (2018) 389 (together with Andrei Demian)<\/li>\n<li>Verantwortung und Haftung des Vorstands, in Bertl\/Hirschler\/Aschauer, Handbuch Wirtschaftspr\u00fcfung (2019) 975<\/li>\n<li>Organpflichten bei M&amp;A-Transaktionen, in Kalss\/ U. Torggler, Aktuelle Fragen bei M&amp;A (2019) 137<\/li>\n<li>Zum Gutglaubensschutz des Beg\u00fcnstigten bei mangelhafter Besetzung des Stiftungsvorstands, in Deixler-H\u00fcbner\/Klete\u010dka\/Schima (Hrsg.), Festschrift Martin Schauer (2022) 155<\/li>\n<li>Fehlerhafte Gutachten im Umgr\u00fcndungsrecht, in Konecny (Hrsg.), Das fehlerhafte Sachverst\u00e4ndigengutachten (2022) 279<\/li>\n<\/ol>\n<\/div><\/div><\/div><\/div><\/div><\/div><div class=\"w-separator size_medium\"><\/div><div class=\"g-cols wpb_row via_flex valign_top type_default stacking_default\"><div class=\"vc_col-sm-4 wpb_column vc_column_container\"><div class=\"vc_column-inner\"><div class=\"wpb_wrapper\"><div class=\"wpb_text_column us_custom_e8d85284 has_text_color\"><div class=\"wpb_wrapper\"><h5>Articles in journals<\/h5>\n<\/div><\/div><\/div><\/div><\/div><div class=\"vc_col-sm-8 wpb_column vc_column_container\"><div class=\"vc_column-inner\"><div class=\"wpb_wrapper\"><div class=\"wpb_text_column\"><div class=\"wpb_wrapper\"><ol>\n<li>Schadenersatzrechtliche Zurechnung bei Multiorganmitgliedschaften, GesRZ 2011, 334 (together with Paul Sch\u00f6rghofer)<\/li>\n<li>Zur konzernweiten Wirkung von Zustimmungsvorbehalten des Aufsichtsrats einer AG, RWZ 2011, 161 (together with Clemens Spitznagel)<\/li>\n<li>Gesellschaftsrechtliche Grenzen der Ausgestaltung von Genussrechten, ZUS 2011, 107 (together with Clemens Spitznagel)<\/li>\n<li>Neuerungen im Gesellschaftsrecht durch das 2. Stabilit\u00e4tsgesetz 2012, RdW 2012\/412, 383 (together with Paul Sch\u00f6rghofer)<\/li>\n<li>GmbH \u201eneu\u201c \u2013 ein zaghaftes Reformvorhaben, SWK 2013, 561 (together with Paul Sch\u00f6rghofer and Clemens Spitznagel)<\/li>\n<li>Erwerb eigener Aktien und Wertpapierleihe, RdW 2014, 253 (together with Paul Sch\u00f6rghofer)<\/li>\n<li>Zum \u00c4nderungsbedarf im Rechnungslegungskontrollgesetz, RWZ 2014, 97<\/li>\n<li>Unvertretbare Darstellung wesentlicher Informationen \u00fcber bestimmte Verb\u00e4nde (\u00a7 163a StGB), RWZ 2016, 45 (together with Paul Sch\u00f6rghofer and Clemens Spitznagel)<\/li>\n<li>Zur fehlerhaften Organbesetzung, GesRZ 2016, 91 (Festheft f\u00fcr Heinz Krejci zum 75. Geburtstag)<\/li>\n<li>Die Genossenschaft in \u00d6sterreich, GesRZ 2023, 373<\/li>\n<li>Anmerkung zu OGH 30.08.2023, 6 Ob 246\/22b, Unwirksame Bestimmungen im Genossenschaftsvertrag, GesRZ 2024, 67<\/li>\n<\/ol>\n<\/div><\/div><\/div><\/div><\/div><\/div><div class=\"w-separator size_medium\"><\/div><div class=\"g-cols wpb_row via_flex valign_top type_default stacking_default\"><div class=\"vc_col-sm-4 wpb_column vc_column_container\"><div class=\"vc_column-inner\"><div class=\"wpb_wrapper\"><div class=\"wpb_text_column us_custom_e8d85284 has_text_color\"><div class=\"wpb_wrapper\"><h5>Book reviews<\/h5>\n<\/div><\/div><\/div><\/div><\/div><div class=\"vc_col-sm-8 wpb_column vc_column_container\"><div class=\"vc_column-inner\"><div class=\"wpb_wrapper\"><div class=\"wpb_text_column\"><div class=\"wpb_wrapper\"><ol>\n<li>Kalss\/Probst, Familienunternehmen (2013), GesRZ 2013, 331<\/li>\n<li>Leonhartsberger, Der Aufsichtsratsvorsitzende (2023), RdW 2024\/144<\/li>\n<\/ol>\n<\/div><\/div><\/div><\/div><\/div><\/div><\/div><\/div><\/div><\/div><\/div><\/section>\n","protected":false},"excerpt":{"rendered":"Publications Stephan Frotz Books Das EU-Gesellschaftsrechts\u00e4nderungsgesetz (1993) (together with G\u00fcnther Aman, Johann M\u00fchlehner et al) Handbuch f\u00fcr den Vorstand (2017) (together with Susanne Kalss and Paul Sch\u00f6rghofer) Commentaries Grenz\u00fcberschreitende Verschmelzungen2 (2013) (together with Alexander Kaufmann) Contributions to commentaries \u00a7\u00a7 1-5 EU-VerschG in Frotz\/Kaufmann, Grenz\u00fcberschreitende\u00a0Verschmelzungen2 (2013) \u00a7\u00a7 282, 283 UGB in Bertl\/Mandl, Handbuch zum RLG (Loseblatt)...","protected":false},"author":2,"featured_media":0,"parent":0,"menu_order":20,"comment_status":"closed","ping_status":"closed","template":"","meta":{"footnotes":""},"class_list":["post-2613","page","type-page","status-publish","hentry"],"yoast_head":"<!-- This site is optimized with the Yoast SEO plugin v26.3 - https:\/\/yoast.com\/wordpress\/plugins\/seo\/ -->\n<title>Publications Stephan Frotz - FRRA<\/title>\n<meta name=\"robots\" content=\"index, follow, max-snippet:-1, max-image-preview:large, max-video-preview:-1\" \/>\n<link rel=\"canonical\" href=\"https:\/\/www.frra.at\/en\/publications-stephan-frotz\/\" \/>\n<meta property=\"og:locale\" content=\"en_US\" \/>\n<meta property=\"og:type\" content=\"article\" \/>\n<meta property=\"og:title\" content=\"Publications Stephan Frotz - FRRA\" \/>\n<meta property=\"og:url\" content=\"https:\/\/www.frra.at\/en\/publications-stephan-frotz\/\" \/>\n<meta property=\"og:site_name\" content=\"FRRA\" \/>\n<meta property=\"article:modified_time\" content=\"2024-03-15T11:04:59+00:00\" \/>\n<meta name=\"twitter:card\" content=\"summary_large_image\" \/>\n<meta name=\"twitter:label1\" content=\"Est. reading time\" \/>\n\t<meta name=\"twitter:data1\" content=\"3 minutes\" \/>\n<script type=\"application\/ld+json\" class=\"yoast-schema-graph\">{\"@context\":\"https:\/\/schema.org\",\"@graph\":[{\"@type\":\"WebPage\",\"@id\":\"https:\/\/www.frra.at\/en\/publications-stephan-frotz\/\",\"url\":\"https:\/\/www.frra.at\/en\/publications-stephan-frotz\/\",\"name\":\"Publications Stephan Frotz - FRRA\",\"isPartOf\":{\"@id\":\"https:\/\/www.frra.at\/en\/#website\"},\"datePublished\":\"2021-11-07T19:01:17+00:00\",\"dateModified\":\"2024-03-15T11:04:59+00:00\",\"breadcrumb\":{\"@id\":\"https:\/\/www.frra.at\/en\/publications-stephan-frotz\/#breadcrumb\"},\"inLanguage\":\"en-US\",\"potentialAction\":[{\"@type\":\"ReadAction\",\"target\":[\"https:\/\/www.frra.at\/en\/publications-stephan-frotz\/\"]}]},{\"@type\":\"BreadcrumbList\",\"@id\":\"https:\/\/www.frra.at\/en\/publications-stephan-frotz\/#breadcrumb\",\"itemListElement\":[{\"@type\":\"ListItem\",\"position\":1,\"name\":\"Startseite\",\"item\":\"https:\/\/www.frra.at\/en\/\"},{\"@type\":\"ListItem\",\"position\":2,\"name\":\"Publications Stephan Frotz\"}]},{\"@type\":\"WebSite\",\"@id\":\"https:\/\/www.frra.at\/en\/#website\",\"url\":\"https:\/\/www.frra.at\/en\/\",\"name\":\"FRRA\",\"description\":\"Kompetenz, die \u00fcberzeugt.\",\"publisher\":{\"@id\":\"https:\/\/www.frra.at\/en\/#organization\"},\"potentialAction\":[{\"@type\":\"SearchAction\",\"target\":{\"@type\":\"EntryPoint\",\"urlTemplate\":\"https:\/\/www.frra.at\/en\/?s={search_term_string}\"},\"query-input\":{\"@type\":\"PropertyValueSpecification\",\"valueRequired\":true,\"valueName\":\"search_term_string\"}}],\"inLanguage\":\"en-US\"},{\"@type\":\"Organization\",\"@id\":\"https:\/\/www.frra.at\/en\/#organization\",\"name\":\"Frotz Riedl Rechtsanw\u00e4lte\",\"url\":\"https:\/\/www.frra.at\/en\/\",\"logo\":{\"@type\":\"ImageObject\",\"inLanguage\":\"en-US\",\"@id\":\"https:\/\/www.frra.at\/en\/#\/schema\/logo\/image\/\",\"url\":\"https:\/\/www.frra.at\/wp\/wp-content\/uploads\/2021\/04\/Frotz-Riedl-Rechtsanwaelte-Logo-500x50-1.png\",\"contentUrl\":\"https:\/\/www.frra.at\/wp\/wp-content\/uploads\/2021\/04\/Frotz-Riedl-Rechtsanwaelte-Logo-500x50-1.png\",\"width\":500,\"height\":50,\"caption\":\"Frotz Riedl Rechtsanw\u00e4lte\"},\"image\":{\"@id\":\"https:\/\/www.frra.at\/en\/#\/schema\/logo\/image\/\"}}]}<\/script>\n<!-- \/ Yoast SEO plugin. -->","yoast_head_json":{"title":"Publications Stephan Frotz - FRRA","robots":{"index":"index","follow":"follow","max-snippet":"max-snippet:-1","max-image-preview":"max-image-preview:large","max-video-preview":"max-video-preview:-1"},"canonical":"https:\/\/www.frra.at\/en\/publications-stephan-frotz\/","og_locale":"en_US","og_type":"article","og_title":"Publications Stephan Frotz - FRRA","og_url":"https:\/\/www.frra.at\/en\/publications-stephan-frotz\/","og_site_name":"FRRA","article_modified_time":"2024-03-15T11:04:59+00:00","twitter_card":"summary_large_image","twitter_misc":{"Est. reading time":"3 minutes"},"schema":{"@context":"https:\/\/schema.org","@graph":[{"@type":"WebPage","@id":"https:\/\/www.frra.at\/en\/publications-stephan-frotz\/","url":"https:\/\/www.frra.at\/en\/publications-stephan-frotz\/","name":"Publications Stephan Frotz - FRRA","isPartOf":{"@id":"https:\/\/www.frra.at\/en\/#website"},"datePublished":"2021-11-07T19:01:17+00:00","dateModified":"2024-03-15T11:04:59+00:00","breadcrumb":{"@id":"https:\/\/www.frra.at\/en\/publications-stephan-frotz\/#breadcrumb"},"inLanguage":"en-US","potentialAction":[{"@type":"ReadAction","target":["https:\/\/www.frra.at\/en\/publications-stephan-frotz\/"]}]},{"@type":"BreadcrumbList","@id":"https:\/\/www.frra.at\/en\/publications-stephan-frotz\/#breadcrumb","itemListElement":[{"@type":"ListItem","position":1,"name":"Startseite","item":"https:\/\/www.frra.at\/en\/"},{"@type":"ListItem","position":2,"name":"Publications Stephan Frotz"}]},{"@type":"WebSite","@id":"https:\/\/www.frra.at\/en\/#website","url":"https:\/\/www.frra.at\/en\/","name":"FRRA","description":"Kompetenz, die \u00fcberzeugt.","publisher":{"@id":"https:\/\/www.frra.at\/en\/#organization"},"potentialAction":[{"@type":"SearchAction","target":{"@type":"EntryPoint","urlTemplate":"https:\/\/www.frra.at\/en\/?s={search_term_string}"},"query-input":{"@type":"PropertyValueSpecification","valueRequired":true,"valueName":"search_term_string"}}],"inLanguage":"en-US"},{"@type":"Organization","@id":"https:\/\/www.frra.at\/en\/#organization","name":"Frotz Riedl Rechtsanw\u00e4lte","url":"https:\/\/www.frra.at\/en\/","logo":{"@type":"ImageObject","inLanguage":"en-US","@id":"https:\/\/www.frra.at\/en\/#\/schema\/logo\/image\/","url":"https:\/\/www.frra.at\/wp\/wp-content\/uploads\/2021\/04\/Frotz-Riedl-Rechtsanwaelte-Logo-500x50-1.png","contentUrl":"https:\/\/www.frra.at\/wp\/wp-content\/uploads\/2021\/04\/Frotz-Riedl-Rechtsanwaelte-Logo-500x50-1.png","width":500,"height":50,"caption":"Frotz Riedl Rechtsanw\u00e4lte"},"image":{"@id":"https:\/\/www.frra.at\/en\/#\/schema\/logo\/image\/"}}]}},"_links":{"self":[{"href":"https:\/\/www.frra.at\/en\/wp-json\/wp\/v2\/pages\/2613","targetHints":{"allow":["GET"]}}],"collection":[{"href":"https:\/\/www.frra.at\/en\/wp-json\/wp\/v2\/pages"}],"about":[{"href":"https:\/\/www.frra.at\/en\/wp-json\/wp\/v2\/types\/page"}],"author":[{"embeddable":true,"href":"https:\/\/www.frra.at\/en\/wp-json\/wp\/v2\/users\/2"}],"replies":[{"embeddable":true,"href":"https:\/\/www.frra.at\/en\/wp-json\/wp\/v2\/comments?post=2613"}],"version-history":[{"count":13,"href":"https:\/\/www.frra.at\/en\/wp-json\/wp\/v2\/pages\/2613\/revisions"}],"predecessor-version":[{"id":4386,"href":"https:\/\/www.frra.at\/en\/wp-json\/wp\/v2\/pages\/2613\/revisions\/4386"}],"wp:attachment":[{"href":"https:\/\/www.frra.at\/en\/wp-json\/wp\/v2\/media?parent=2613"}],"curies":[{"name":"wp","href":"https:\/\/api.w.org\/{rel}","templated":true}]}}