{"id":3116,"date":"2022-05-12T09:57:38","date_gmt":"2022-05-12T09:57:38","guid":{"rendered":"https:\/\/www.frra.at\/?page_id=3116"},"modified":"2025-10-24T11:38:07","modified_gmt":"2025-10-24T11:38:07","slug":"publications-florian-wuenscher","status":"publish","type":"page","link":"https:\/\/www.frra.at\/en\/publications-florian-wuenscher\/","title":{"rendered":"Publications Florian W\u00fcnscher"},"content":{"rendered":"<section class=\"l-section wpb_row height_large\"><div class=\"l-section-h i-cf\"><div class=\"g-cols vc_row via_flex valign_top type_default stacking_default\"><div class=\"vc_col-sm-12 wpb_column vc_column_container\"><div class=\"vc_column-inner\"><div class=\"wpb_wrapper\"><div class=\"wpb_text_column\"><div class=\"wpb_wrapper\"><h1>Publications<br \/>\nFlorian W\u00fcnscher<\/h1>\n<\/div><\/div><div class=\"w-separator size_medium\"><\/div><div class=\"g-cols wpb_row via_flex valign_top type_default stacking_default\"><div class=\"vc_col-sm-4 wpb_column vc_column_container\"><div class=\"vc_column-inner\"><div class=\"wpb_wrapper\"><div class=\"wpb_text_column us_custom_e8d85284 has_text_color\"><div class=\"wpb_wrapper\"><h5>Commentaries<\/h5>\n<\/div><\/div><\/div><\/div><\/div><div class=\"vc_col-sm-8 wpb_column vc_column_container\"><div class=\"vc_column-inner\"><div class=\"wpb_wrapper\"><div class=\"wpb_text_column\"><div class=\"wpb_wrapper\"><ol>\n<li>Kurzkommentar Flexible Kapitalgesellschafts-Gesetz (2024)<\/li>\n<\/ol>\n<\/div><\/div><\/div><\/div><\/div><\/div><div class=\"w-separator size_medium\"><\/div><div class=\"g-cols wpb_row via_flex valign_top type_default stacking_default\"><div class=\"vc_col-sm-4 wpb_column vc_column_container\"><div class=\"vc_column-inner\"><div class=\"wpb_wrapper\"><div class=\"wpb_text_column us_custom_e8d85284 has_text_color\"><div class=\"wpb_wrapper\"><h5>Contributions to Commentaries<\/h5>\n<\/div><\/div><\/div><\/div><\/div><div class=\"vc_col-sm-8 wpb_column vc_column_container\"><div class=\"vc_column-inner\"><div class=\"wpb_wrapper\"><div class=\"wpb_text_column\"><div class=\"wpb_wrapper\"><ol>\n<li>\u00a7\u00a7 1, 2, 16, 23, 24 FlexKapGG in W\u00fcnscher, Kurzkommentar Flexible Kapitalgesellschafts-Gesetz (2024)<\/li>\n<li>\u00a7\u00a7 15, 17, 18 FlexKapGG in W\u00fcnscher, Kurzkommentar Flexible Kapitalgesellschafts-Gesetz (2024) (mit Clemens Spitznagel und Laura Gottardi)<\/li>\n<\/ol>\n<\/div><\/div><\/div><\/div><\/div><\/div><div class=\"w-separator size_medium\"><\/div><div class=\"g-cols wpb_row via_flex valign_top type_default stacking_default\"><div class=\"vc_col-sm-4 wpb_column vc_column_container\"><div class=\"vc_column-inner\"><div class=\"wpb_wrapper\"><div class=\"wpb_text_column us_custom_e8d85284 has_text_color\"><div class=\"wpb_wrapper\"><h5>Articles in journals<\/h5>\n<\/div><\/div><\/div><\/div><\/div><div class=\"vc_col-sm-8 wpb_column vc_column_container\"><div class=\"vc_column-inner\"><div class=\"wpb_wrapper\"><div class=\"wpb_text_column\"><div class=\"wpb_wrapper\"><ol>\n<li>Zur (Un-)Wirksamkeit von Anteils\u00fcbertragungen bei Versto\u00df gegen das Mitverkaufsrecht nach \u00a7 10 FlexKapGG, RdW 2025, 660<\/li>\n<li>Entscheidungsanmerkung zu OGH 6.8.2024, 18 ONc 1\/24b (Subjektive Reichweite und Auslegung statutarischer Schiedsklauseln), NZ 2025, 130<\/li>\n<li>Entscheidungsanmerkung zu OGH 25.6.2024, 4 Ob 46\/24d (Zur Kompetenz der ordentlichen Gerichte im Schiedsverfahren), \u00d6JZ 2025, 112 (EvBl 2025\/36)<\/li>\n<li>Gesellschaftsvertragliche Schieds- und Mediationsklauseln im Lichte der j\u00fcngsten Rechtsprechung des OGH, GES 2024, 284<\/li>\n<li>Unternehmensfinanzierung und Beihilferecht, RdW 2024, 530<\/li>\n<li>Neuerungen im Genossenschaftsrecht durch das GenR\u00c4G 2024, GesRZ 2024, 295<\/li>\n<li>FlexCo: Einlagenr\u00fcckgew\u00e4hr und Unternehmenswertanteile \u2013 Haftungsfalle f\u00fcr Mitarbeiter?, GesRZ 2024, 146<\/li>\n<li>Anmerkung zu OGH 20.12.2023, 6 Ob 47\/23i, GesRZ 2024, 119<\/li>\n<li>Die Disqualifikation von Gesch\u00e4ftsf\u00fchrern und Vorstandsmitgliedern nach dem GesDigG 2023, RdW 2023, 854<\/li>\n<li>Die Neufassung des \u00a7 10 Abs 2 GmbHG durch das GesDigG 2022, ecolex 2023, 588<\/li>\n<li>Gesellschafts-, zivil- und unternehmensrechtliche Stolperfallen bei Liegenschaftstransaktionen im Wege von Asset Deals, GES 2023, 160 (together with Paul Sch\u00f6rghofer)<\/li>\n<li>Zur Au\u00dfenhaftung von Gesch\u00e4ftsf\u00fchrern f\u00fcr Datenschutzverst\u00f6\u00dfe &#8211; \u00dcberlegungen aus Anlass von OLG Dresden 30.11.2021, 4 U 1158\/21, GES 2023, 68<\/li>\n<li>Die Abberufung von Vorstandsmitgliedern auf Druck Dritter &#8211; ein \u00dcberblick, Aufsichtsrat aktuell 6\/2022, 218<\/li>\n<li class=\"li1\">Zur Zul\u00e4ssigkeit von Up-Stream-Verschmelzungen von Gesellschaften mit negativem Verkehrswert, ecolex 2021\/183 (together with Heinrich Foglar-Deinhardstein)<\/li>\n<li class=\"li1\">\u00dcberlegungen de lege lata zum gutgl\u00e4ubigen Erwerb von GmbH-Gesch\u00e4ftsanteilen, RdW 2021, 86<\/li>\n<li class=\"li1\">Das Mindeststammkapital im GmbH-Recht &#8211; (noch immer) ein notwendiges Gl\u00e4ubigerschutzinstrument? GesRZ 2019, 152<\/li>\n<li class=\"li1\">Die Erbengemeinschaft als GmbH-Gr\u00fcnderin, GesRZ 2018, 292<\/li>\n<li class=\"li1\">Die Durchgriffshaftung wegen Verm\u00f6gensvermischung im GmbH-Recht, RdW 2018, 280<\/li>\n<\/ol>\n<\/div><\/div><\/div><\/div><\/div><\/div><div class=\"w-separator size_medium\"><\/div><\/div><\/div><\/div><\/div><\/div><\/section>\n","protected":false},"excerpt":{"rendered":"Publications Florian W\u00fcnscher Commentaries Kurzkommentar Flexible Kapitalgesellschafts-Gesetz (2024) Contributions to Commentaries \u00a7\u00a7 1, 2, 16, 23, 24 FlexKapGG in W\u00fcnscher, Kurzkommentar Flexible Kapitalgesellschafts-Gesetz (2024) \u00a7\u00a7 15, 17, 18 FlexKapGG in W\u00fcnscher, Kurzkommentar Flexible Kapitalgesellschafts-Gesetz (2024) (mit Clemens Spitznagel und Laura Gottardi) Articles in journals Zur (Un-)Wirksamkeit von Anteils\u00fcbertragungen bei Versto\u00df gegen das Mitverkaufsrecht nach \u00a7...","protected":false},"author":2,"featured_media":0,"parent":0,"menu_order":24,"comment_status":"closed","ping_status":"closed","template":"","meta":{"footnotes":""},"class_list":["post-3116","page","type-page","status-publish","hentry"],"yoast_head":"<!-- This site is optimized with the Yoast SEO plugin v26.3 - https:\/\/yoast.com\/wordpress\/plugins\/seo\/ -->\n<title>Publications Florian W\u00fcnscher - FRRA<\/title>\n<meta name=\"robots\" content=\"index, follow, max-snippet:-1, max-image-preview:large, max-video-preview:-1\" \/>\n<link rel=\"canonical\" href=\"https:\/\/www.frra.at\/en\/publications-florian-wuenscher\/\" \/>\n<meta property=\"og:locale\" content=\"en_US\" \/>\n<meta property=\"og:type\" content=\"article\" \/>\n<meta property=\"og:title\" content=\"Publications Florian W\u00fcnscher - FRRA\" \/>\n<meta property=\"og:url\" content=\"https:\/\/www.frra.at\/en\/publications-florian-wuenscher\/\" \/>\n<meta property=\"og:site_name\" content=\"FRRA\" \/>\n<meta property=\"article:modified_time\" content=\"2025-10-24T11:38:07+00:00\" \/>\n<meta name=\"twitter:card\" content=\"summary_large_image\" \/>\n<meta name=\"twitter:label1\" content=\"Est. reading time\" \/>\n\t<meta name=\"twitter:data1\" content=\"2 minutes\" \/>\n<script type=\"application\/ld+json\" class=\"yoast-schema-graph\">{\"@context\":\"https:\/\/schema.org\",\"@graph\":[{\"@type\":\"WebPage\",\"@id\":\"https:\/\/www.frra.at\/en\/publications-florian-wuenscher\/\",\"url\":\"https:\/\/www.frra.at\/en\/publications-florian-wuenscher\/\",\"name\":\"Publications Florian W\u00fcnscher - FRRA\",\"isPartOf\":{\"@id\":\"https:\/\/www.frra.at\/en\/#website\"},\"datePublished\":\"2022-05-12T09:57:38+00:00\",\"dateModified\":\"2025-10-24T11:38:07+00:00\",\"breadcrumb\":{\"@id\":\"https:\/\/www.frra.at\/en\/publications-florian-wuenscher\/#breadcrumb\"},\"inLanguage\":\"en-US\",\"potentialAction\":[{\"@type\":\"ReadAction\",\"target\":[\"https:\/\/www.frra.at\/en\/publications-florian-wuenscher\/\"]}]},{\"@type\":\"BreadcrumbList\",\"@id\":\"https:\/\/www.frra.at\/en\/publications-florian-wuenscher\/#breadcrumb\",\"itemListElement\":[{\"@type\":\"ListItem\",\"position\":1,\"name\":\"Startseite\",\"item\":\"https:\/\/www.frra.at\/en\/\"},{\"@type\":\"ListItem\",\"position\":2,\"name\":\"Publications Florian W\u00fcnscher\"}]},{\"@type\":\"WebSite\",\"@id\":\"https:\/\/www.frra.at\/en\/#website\",\"url\":\"https:\/\/www.frra.at\/en\/\",\"name\":\"FRRA\",\"description\":\"Kompetenz, die \u00fcberzeugt.\",\"publisher\":{\"@id\":\"https:\/\/www.frra.at\/en\/#organization\"},\"potentialAction\":[{\"@type\":\"SearchAction\",\"target\":{\"@type\":\"EntryPoint\",\"urlTemplate\":\"https:\/\/www.frra.at\/en\/?s={search_term_string}\"},\"query-input\":{\"@type\":\"PropertyValueSpecification\",\"valueRequired\":true,\"valueName\":\"search_term_string\"}}],\"inLanguage\":\"en-US\"},{\"@type\":\"Organization\",\"@id\":\"https:\/\/www.frra.at\/en\/#organization\",\"name\":\"Frotz Riedl Rechtsanw\u00e4lte\",\"url\":\"https:\/\/www.frra.at\/en\/\",\"logo\":{\"@type\":\"ImageObject\",\"inLanguage\":\"en-US\",\"@id\":\"https:\/\/www.frra.at\/en\/#\/schema\/logo\/image\/\",\"url\":\"https:\/\/www.frra.at\/wp\/wp-content\/uploads\/2021\/04\/Frotz-Riedl-Rechtsanwaelte-Logo-500x50-1.png\",\"contentUrl\":\"https:\/\/www.frra.at\/wp\/wp-content\/uploads\/2021\/04\/Frotz-Riedl-Rechtsanwaelte-Logo-500x50-1.png\",\"width\":500,\"height\":50,\"caption\":\"Frotz Riedl Rechtsanw\u00e4lte\"},\"image\":{\"@id\":\"https:\/\/www.frra.at\/en\/#\/schema\/logo\/image\/\"}}]}<\/script>\n<!-- \/ Yoast SEO plugin. -->","yoast_head_json":{"title":"Publications Florian W\u00fcnscher - FRRA","robots":{"index":"index","follow":"follow","max-snippet":"max-snippet:-1","max-image-preview":"max-image-preview:large","max-video-preview":"max-video-preview:-1"},"canonical":"https:\/\/www.frra.at\/en\/publications-florian-wuenscher\/","og_locale":"en_US","og_type":"article","og_title":"Publications Florian W\u00fcnscher - FRRA","og_url":"https:\/\/www.frra.at\/en\/publications-florian-wuenscher\/","og_site_name":"FRRA","article_modified_time":"2025-10-24T11:38:07+00:00","twitter_card":"summary_large_image","twitter_misc":{"Est. reading time":"2 minutes"},"schema":{"@context":"https:\/\/schema.org","@graph":[{"@type":"WebPage","@id":"https:\/\/www.frra.at\/en\/publications-florian-wuenscher\/","url":"https:\/\/www.frra.at\/en\/publications-florian-wuenscher\/","name":"Publications Florian W\u00fcnscher - FRRA","isPartOf":{"@id":"https:\/\/www.frra.at\/en\/#website"},"datePublished":"2022-05-12T09:57:38+00:00","dateModified":"2025-10-24T11:38:07+00:00","breadcrumb":{"@id":"https:\/\/www.frra.at\/en\/publications-florian-wuenscher\/#breadcrumb"},"inLanguage":"en-US","potentialAction":[{"@type":"ReadAction","target":["https:\/\/www.frra.at\/en\/publications-florian-wuenscher\/"]}]},{"@type":"BreadcrumbList","@id":"https:\/\/www.frra.at\/en\/publications-florian-wuenscher\/#breadcrumb","itemListElement":[{"@type":"ListItem","position":1,"name":"Startseite","item":"https:\/\/www.frra.at\/en\/"},{"@type":"ListItem","position":2,"name":"Publications Florian W\u00fcnscher"}]},{"@type":"WebSite","@id":"https:\/\/www.frra.at\/en\/#website","url":"https:\/\/www.frra.at\/en\/","name":"FRRA","description":"Kompetenz, die \u00fcberzeugt.","publisher":{"@id":"https:\/\/www.frra.at\/en\/#organization"},"potentialAction":[{"@type":"SearchAction","target":{"@type":"EntryPoint","urlTemplate":"https:\/\/www.frra.at\/en\/?s={search_term_string}"},"query-input":{"@type":"PropertyValueSpecification","valueRequired":true,"valueName":"search_term_string"}}],"inLanguage":"en-US"},{"@type":"Organization","@id":"https:\/\/www.frra.at\/en\/#organization","name":"Frotz Riedl Rechtsanw\u00e4lte","url":"https:\/\/www.frra.at\/en\/","logo":{"@type":"ImageObject","inLanguage":"en-US","@id":"https:\/\/www.frra.at\/en\/#\/schema\/logo\/image\/","url":"https:\/\/www.frra.at\/wp\/wp-content\/uploads\/2021\/04\/Frotz-Riedl-Rechtsanwaelte-Logo-500x50-1.png","contentUrl":"https:\/\/www.frra.at\/wp\/wp-content\/uploads\/2021\/04\/Frotz-Riedl-Rechtsanwaelte-Logo-500x50-1.png","width":500,"height":50,"caption":"Frotz Riedl Rechtsanw\u00e4lte"},"image":{"@id":"https:\/\/www.frra.at\/en\/#\/schema\/logo\/image\/"}}]}},"_links":{"self":[{"href":"https:\/\/www.frra.at\/en\/wp-json\/wp\/v2\/pages\/3116","targetHints":{"allow":["GET"]}}],"collection":[{"href":"https:\/\/www.frra.at\/en\/wp-json\/wp\/v2\/pages"}],"about":[{"href":"https:\/\/www.frra.at\/en\/wp-json\/wp\/v2\/types\/page"}],"author":[{"embeddable":true,"href":"https:\/\/www.frra.at\/en\/wp-json\/wp\/v2\/users\/2"}],"replies":[{"embeddable":true,"href":"https:\/\/www.frra.at\/en\/wp-json\/wp\/v2\/comments?post=3116"}],"version-history":[{"count":16,"href":"https:\/\/www.frra.at\/en\/wp-json\/wp\/v2\/pages\/3116\/revisions"}],"predecessor-version":[{"id":4877,"href":"https:\/\/www.frra.at\/en\/wp-json\/wp\/v2\/pages\/3116\/revisions\/4877"}],"wp:attachment":[{"href":"https:\/\/www.frra.at\/en\/wp-json\/wp\/v2\/media?parent=3116"}],"curies":[{"name":"wp","href":"https:\/\/api.w.org\/{rel}","templated":true}]}}