{"id":4882,"date":"2025-11-03T10:01:54","date_gmt":"2025-11-03T10:01:54","guid":{"rendered":"https:\/\/www.frra.at\/?page_id=4882"},"modified":"2025-11-03T11:13:16","modified_gmt":"2025-11-03T11:13:16","slug":"publications-florian-hule","status":"publish","type":"page","link":"https:\/\/www.frra.at\/en\/publications-florian-hule\/","title":{"rendered":"Publications Florian Hule"},"content":{"rendered":"<section class=\"l-section wpb_row height_large\"><div class=\"l-section-h i-cf\"><div class=\"g-cols vc_row via_flex valign_top type_default stacking_default\"><div class=\"vc_col-sm-12 wpb_column vc_column_container\"><div class=\"vc_column-inner\"><div class=\"wpb_wrapper\"><div class=\"wpb_text_column\"><div class=\"wpb_wrapper\"><h1>Publications<br \/>\nFlorian Hule<\/h1>\n<\/div><\/div><div class=\"w-separator size_medium\"><\/div><div class=\"g-cols wpb_row via_flex valign_top type_default stacking_default\"><div class=\"vc_col-sm-4 wpb_column vc_column_container\"><div class=\"vc_column-inner\"><div class=\"wpb_wrapper\"><div class=\"wpb_text_column us_custom_e8d85284 has_text_color\"><div class=\"wpb_wrapper\"><h5>Books<\/h5>\n<\/div><\/div><\/div><\/div><\/div><div class=\"vc_col-sm-8 wpb_column vc_column_container\"><div class=\"vc_column-inner\"><div class=\"wpb_wrapper\"><div class=\"wpb_text_column\"><div class=\"wpb_wrapper\"><ol>\n<li>\n<p class=\"p1\">Praxiskommentar FlexKapGG (2024) (with Hermann Schneeweiss)<\/p>\n<\/li>\n<\/ol>\n<\/div><\/div><\/div><\/div><\/div><\/div><div class=\"w-separator size_medium\"><\/div><div class=\"g-cols wpb_row via_flex valign_top type_default stacking_default\"><div class=\"vc_col-sm-4 wpb_column vc_column_container\"><div class=\"vc_column-inner\"><div class=\"wpb_wrapper\"><div class=\"wpb_text_column us_custom_e8d85284 has_text_color\"><div class=\"wpb_wrapper\"><h5>Contributions to commentaries<\/h5>\n<\/div><\/div><\/div><\/div><\/div><div class=\"vc_col-sm-8 wpb_column vc_column_container\"><div class=\"vc_column-inner\"><div class=\"wpb_wrapper\"><div class=\"wpb_text_column\"><div class=\"wpb_wrapper\"><ol>\n<li>\n<p class=\"p1\">\u00a7 7 in Schneeweiss\/F. Hule, Praxiskommentar FlexKapGG (2024)<\/p>\n<\/li>\n<li>\n<p class=\"p1\">\u00a7 8 in Schneeweiss\/F. Hule, Praxiskommentar FlexKapGG (2024)<\/p>\n<\/li>\n<li>\n<p class=\"p1\">\u00a7 21 in Schneeweiss\/F. Hule, Praxiskommentar FlexKapGG (2024)<\/p>\n<\/li>\n<\/ol>\n<\/div><\/div><\/div><\/div><\/div><\/div><div class=\"w-separator size_medium\"><\/div><div class=\"g-cols wpb_row via_flex valign_top type_default stacking_default\"><div class=\"vc_col-sm-4 wpb_column vc_column_container\"><div class=\"vc_column-inner\"><div class=\"wpb_wrapper\"><div class=\"wpb_text_column us_custom_e8d85284 has_text_color\"><div class=\"wpb_wrapper\"><h5>Book chapters<\/h5>\n<\/div><\/div><\/div><\/div><\/div><div class=\"vc_col-sm-8 wpb_column vc_column_container\"><div class=\"vc_column-inner\"><div class=\"wpb_wrapper\"><div class=\"wpb_text_column\"><div class=\"wpb_wrapper\"><ol>\n<li>\n<p class=\"p1\">Das genehmigte Kapital und der Gesellschafterschutz in der Flexiblen Kapitalgesellschaft \u2013 T\u00fccken eines doppelten Legal Transplants, in Ewerz\/Soldo\/Toki\u0107, Wirtschaft und Methode (2024) 245<\/p>\n<\/li>\n<li>\n<p class=\"p1\">Die Rechtsfindung durch Gr\u00f6\u00dfenschluss \u2013 Zur Methodologie des argumentum a fortiori, in Thomale, Oskar Pisko \u2013 Richter, Reformer, Rechtsgelehrter (2024) 87<\/p>\n<\/li>\n<\/ol>\n<\/div><\/div><\/div><\/div><\/div><\/div><div class=\"w-separator size_medium\"><\/div><div class=\"g-cols wpb_row via_flex valign_top type_default stacking_default\"><div class=\"vc_col-sm-4 wpb_column vc_column_container\"><div class=\"vc_column-inner\"><div class=\"wpb_wrapper\"><div class=\"wpb_text_column us_custom_e8d85284 has_text_color\"><div class=\"wpb_wrapper\"><h5>Essays<\/h5>\n<\/div><\/div><\/div><\/div><\/div><div class=\"vc_col-sm-8 wpb_column vc_column_container\"><div class=\"vc_column-inner\"><div class=\"wpb_wrapper\"><div class=\"wpb_text_column\"><div class=\"wpb_wrapper\"><ol>\n<li>\n<p class=\"p1\">Strittige Gesellschafterstellung und Satzungsdurchbrechung in GmbH und FlexKapG \u2013 Zugleich eine Besprechung von 6 Ob 224\/23v, GES 2024, 404<\/p>\n<\/li>\n<li>\n<p class=\"p1\">OGH 26.4.2024, 6 Ob 109\/23g Zur Reichweite eines vertraglichen Konkurrenzverbotes eines ehemaligen GmbH-Gesellschafters, GesRZ 2024, 260<\/p>\n<\/li>\n<\/ol>\n<\/div><\/div><\/div><\/div><\/div><\/div><div class=\"w-separator size_medium\"><\/div><div class=\"g-cols wpb_row via_flex valign_top type_default stacking_default\"><div class=\"vc_col-sm-4 wpb_column vc_column_container\"><div class=\"vc_column-inner\"><div class=\"wpb_wrapper\"><div class=\"wpb_text_column us_custom_e8d85284 has_text_color\"><div class=\"wpb_wrapper\"><h5>Educational literature<\/h5>\n<\/div><\/div><\/div><\/div><\/div><div class=\"vc_col-sm-8 wpb_column vc_column_container\"><div class=\"vc_column-inner\"><div class=\"wpb_wrapper\"><div class=\"wpb_text_column\"><div class=\"wpb_wrapper\"><ol>\n<li>\n<p class=\"p1\">Die stille Gesellschaft, in Thomale\/Kandutsch\/Ludvik, Pr\u00fcfungstrainer Unternehmensrecht (2024)<\/p>\n<\/li>\n<li>\n<p class=\"p1\">Die GmbH (Grundlagen, Gr\u00fcndung, Organe, Beschlussanfechtung, Gesellschafterklage, Satzungs\u00e4nderungen, Kapitalma\u00dfnahmen, Einlagenr\u00fcckgew\u00e4hr) in Thomale\/Kandutsch\/Ludvik, Pr\u00fcfungstrainer Unternehmensrecht (2024)<\/p>\n<\/li>\n<li>\n<p class=\"p1\">F\u00dcM II \u2013 Unternehmensrecht \u201eH\u00fcttengaudi\u201c, JAP 2024\/2025, 101 (sample solution with Thomale)<\/p>\n<\/li>\n<\/ol>\n<\/div><\/div><\/div><\/div><\/div><\/div><div class=\"w-separator size_medium\"><\/div><div class=\"g-cols wpb_row via_flex valign_top type_default stacking_default\"><div class=\"vc_col-sm-4 wpb_column vc_column_container\"><div class=\"vc_column-inner\"><div class=\"wpb_wrapper\"><div class=\"wpb_text_column us_custom_e8d85284 has_text_color\"><div class=\"wpb_wrapper\"><h5>Others<\/h5>\n<\/div><\/div><\/div><\/div><\/div><div class=\"vc_col-sm-8 wpb_column vc_column_container\"><div class=\"vc_column-inner\"><div class=\"wpb_wrapper\"><div class=\"wpb_text_column\"><div class=\"wpb_wrapper\"><ol>\n<li>\n<p class=\"p1\">The Flexible Company \u2014 Austria\u2019s venture to attract Venture Capital, Oxford Business Law Blog (with Thomale).<\/p>\n<\/li>\n<li>\n<p class=\"p1\">Lexis Briefings Wirtschaftsrecht: Materielle Satzungsbestandteile; Stimmabgabe<\/p>\n<\/li>\n<\/ol>\n<\/div><\/div><\/div><\/div><\/div><\/div><div class=\"w-separator size_medium\"><\/div><\/div><\/div><\/div><\/div><\/div><\/section>\n","protected":false},"excerpt":{"rendered":"Publications Florian Hule Books Praxiskommentar FlexKapGG (2024) (with Hermann Schneeweiss) Contributions to commentaries \u00a7 7 in Schneeweiss\/F. Hule, Praxiskommentar FlexKapGG (2024) \u00a7 8 in Schneeweiss\/F. Hule, Praxiskommentar FlexKapGG (2024) \u00a7 21 in Schneeweiss\/F. Hule, Praxiskommentar FlexKapGG (2024) Book chapters Das genehmigte Kapital und der Gesellschafterschutz in der Flexiblen Kapitalgesellschaft \u2013 T\u00fccken eines doppelten Legal Transplants,...","protected":false},"author":2,"featured_media":0,"parent":0,"menu_order":32,"comment_status":"closed","ping_status":"closed","template":"","meta":{"footnotes":""},"class_list":["post-4882","page","type-page","status-publish","hentry"],"yoast_head":"<!-- This site is optimized with the Yoast SEO plugin v26.3 - https:\/\/yoast.com\/wordpress\/plugins\/seo\/ -->\n<title>Publications Florian Hule - FRRA<\/title>\n<meta name=\"robots\" content=\"index, follow, max-snippet:-1, max-image-preview:large, max-video-preview:-1\" \/>\n<link rel=\"canonical\" href=\"https:\/\/www.frra.at\/en\/publications-florian-hule\/\" \/>\n<meta property=\"og:locale\" content=\"en_US\" \/>\n<meta property=\"og:type\" content=\"article\" \/>\n<meta property=\"og:title\" content=\"Publications Florian Hule - FRRA\" \/>\n<meta property=\"og:url\" content=\"https:\/\/www.frra.at\/en\/publications-florian-hule\/\" \/>\n<meta property=\"og:site_name\" content=\"FRRA\" \/>\n<meta property=\"article:modified_time\" content=\"2025-11-03T11:13:16+00:00\" \/>\n<meta name=\"twitter:card\" content=\"summary_large_image\" \/>\n<meta name=\"twitter:label1\" content=\"Est. reading time\" \/>\n\t<meta name=\"twitter:data1\" content=\"2 minutes\" \/>\n<script type=\"application\/ld+json\" class=\"yoast-schema-graph\">{\"@context\":\"https:\/\/schema.org\",\"@graph\":[{\"@type\":\"WebPage\",\"@id\":\"https:\/\/www.frra.at\/en\/publications-florian-hule\/\",\"url\":\"https:\/\/www.frra.at\/en\/publications-florian-hule\/\",\"name\":\"Publications Florian Hule - FRRA\",\"isPartOf\":{\"@id\":\"https:\/\/www.frra.at\/en\/#website\"},\"datePublished\":\"2025-11-03T10:01:54+00:00\",\"dateModified\":\"2025-11-03T11:13:16+00:00\",\"breadcrumb\":{\"@id\":\"https:\/\/www.frra.at\/en\/publications-florian-hule\/#breadcrumb\"},\"inLanguage\":\"en-US\",\"potentialAction\":[{\"@type\":\"ReadAction\",\"target\":[\"https:\/\/www.frra.at\/en\/publications-florian-hule\/\"]}]},{\"@type\":\"BreadcrumbList\",\"@id\":\"https:\/\/www.frra.at\/en\/publications-florian-hule\/#breadcrumb\",\"itemListElement\":[{\"@type\":\"ListItem\",\"position\":1,\"name\":\"Startseite\",\"item\":\"https:\/\/www.frra.at\/en\/\"},{\"@type\":\"ListItem\",\"position\":2,\"name\":\"Publications Florian Hule\"}]},{\"@type\":\"WebSite\",\"@id\":\"https:\/\/www.frra.at\/en\/#website\",\"url\":\"https:\/\/www.frra.at\/en\/\",\"name\":\"FRRA\",\"description\":\"Kompetenz, die \u00fcberzeugt.\",\"publisher\":{\"@id\":\"https:\/\/www.frra.at\/en\/#organization\"},\"potentialAction\":[{\"@type\":\"SearchAction\",\"target\":{\"@type\":\"EntryPoint\",\"urlTemplate\":\"https:\/\/www.frra.at\/en\/?s={search_term_string}\"},\"query-input\":{\"@type\":\"PropertyValueSpecification\",\"valueRequired\":true,\"valueName\":\"search_term_string\"}}],\"inLanguage\":\"en-US\"},{\"@type\":\"Organization\",\"@id\":\"https:\/\/www.frra.at\/en\/#organization\",\"name\":\"Frotz Riedl Rechtsanw\u00e4lte\",\"url\":\"https:\/\/www.frra.at\/en\/\",\"logo\":{\"@type\":\"ImageObject\",\"inLanguage\":\"en-US\",\"@id\":\"https:\/\/www.frra.at\/en\/#\/schema\/logo\/image\/\",\"url\":\"https:\/\/www.frra.at\/wp\/wp-content\/uploads\/2021\/04\/Frotz-Riedl-Rechtsanwaelte-Logo-500x50-1.png\",\"contentUrl\":\"https:\/\/www.frra.at\/wp\/wp-content\/uploads\/2021\/04\/Frotz-Riedl-Rechtsanwaelte-Logo-500x50-1.png\",\"width\":500,\"height\":50,\"caption\":\"Frotz Riedl Rechtsanw\u00e4lte\"},\"image\":{\"@id\":\"https:\/\/www.frra.at\/en\/#\/schema\/logo\/image\/\"}}]}<\/script>\n<!-- \/ Yoast SEO plugin. -->","yoast_head_json":{"title":"Publications Florian Hule - FRRA","robots":{"index":"index","follow":"follow","max-snippet":"max-snippet:-1","max-image-preview":"max-image-preview:large","max-video-preview":"max-video-preview:-1"},"canonical":"https:\/\/www.frra.at\/en\/publications-florian-hule\/","og_locale":"en_US","og_type":"article","og_title":"Publications Florian Hule - FRRA","og_url":"https:\/\/www.frra.at\/en\/publications-florian-hule\/","og_site_name":"FRRA","article_modified_time":"2025-11-03T11:13:16+00:00","twitter_card":"summary_large_image","twitter_misc":{"Est. reading time":"2 minutes"},"schema":{"@context":"https:\/\/schema.org","@graph":[{"@type":"WebPage","@id":"https:\/\/www.frra.at\/en\/publications-florian-hule\/","url":"https:\/\/www.frra.at\/en\/publications-florian-hule\/","name":"Publications Florian Hule - FRRA","isPartOf":{"@id":"https:\/\/www.frra.at\/en\/#website"},"datePublished":"2025-11-03T10:01:54+00:00","dateModified":"2025-11-03T11:13:16+00:00","breadcrumb":{"@id":"https:\/\/www.frra.at\/en\/publications-florian-hule\/#breadcrumb"},"inLanguage":"en-US","potentialAction":[{"@type":"ReadAction","target":["https:\/\/www.frra.at\/en\/publications-florian-hule\/"]}]},{"@type":"BreadcrumbList","@id":"https:\/\/www.frra.at\/en\/publications-florian-hule\/#breadcrumb","itemListElement":[{"@type":"ListItem","position":1,"name":"Startseite","item":"https:\/\/www.frra.at\/en\/"},{"@type":"ListItem","position":2,"name":"Publications Florian Hule"}]},{"@type":"WebSite","@id":"https:\/\/www.frra.at\/en\/#website","url":"https:\/\/www.frra.at\/en\/","name":"FRRA","description":"Kompetenz, die \u00fcberzeugt.","publisher":{"@id":"https:\/\/www.frra.at\/en\/#organization"},"potentialAction":[{"@type":"SearchAction","target":{"@type":"EntryPoint","urlTemplate":"https:\/\/www.frra.at\/en\/?s={search_term_string}"},"query-input":{"@type":"PropertyValueSpecification","valueRequired":true,"valueName":"search_term_string"}}],"inLanguage":"en-US"},{"@type":"Organization","@id":"https:\/\/www.frra.at\/en\/#organization","name":"Frotz Riedl Rechtsanw\u00e4lte","url":"https:\/\/www.frra.at\/en\/","logo":{"@type":"ImageObject","inLanguage":"en-US","@id":"https:\/\/www.frra.at\/en\/#\/schema\/logo\/image\/","url":"https:\/\/www.frra.at\/wp\/wp-content\/uploads\/2021\/04\/Frotz-Riedl-Rechtsanwaelte-Logo-500x50-1.png","contentUrl":"https:\/\/www.frra.at\/wp\/wp-content\/uploads\/2021\/04\/Frotz-Riedl-Rechtsanwaelte-Logo-500x50-1.png","width":500,"height":50,"caption":"Frotz Riedl Rechtsanw\u00e4lte"},"image":{"@id":"https:\/\/www.frra.at\/en\/#\/schema\/logo\/image\/"}}]}},"_links":{"self":[{"href":"https:\/\/www.frra.at\/en\/wp-json\/wp\/v2\/pages\/4882","targetHints":{"allow":["GET"]}}],"collection":[{"href":"https:\/\/www.frra.at\/en\/wp-json\/wp\/v2\/pages"}],"about":[{"href":"https:\/\/www.frra.at\/en\/wp-json\/wp\/v2\/types\/page"}],"author":[{"embeddable":true,"href":"https:\/\/www.frra.at\/en\/wp-json\/wp\/v2\/users\/2"}],"replies":[{"embeddable":true,"href":"https:\/\/www.frra.at\/en\/wp-json\/wp\/v2\/comments?post=4882"}],"version-history":[{"count":1,"href":"https:\/\/www.frra.at\/en\/wp-json\/wp\/v2\/pages\/4882\/revisions"}],"predecessor-version":[{"id":4885,"href":"https:\/\/www.frra.at\/en\/wp-json\/wp\/v2\/pages\/4882\/revisions\/4885"}],"wp:attachment":[{"href":"https:\/\/www.frra.at\/en\/wp-json\/wp\/v2\/media?parent=4882"}],"curies":[{"name":"wp","href":"https:\/\/api.w.org\/{rel}","templated":true}]}}